{"id":8,"date":"2016-04-05T11:10:03","date_gmt":"2016-04-05T10:10:03","guid":{"rendered":"https:\/\/wilmet.sohow.be\/fr\/?page_id=5"},"modified":"2025-10-21T11:47:29","modified_gmt":"2025-10-21T10:47:29","slug":"vos-dechets-sont-entre-de-bonnes-mains","status":"publish","type":"page","link":"https:\/\/sametal.wilmetgroup.be\/fr\/","title":{"rendered":"Vos d\u00e9chets valent de l&rsquo;argent !"},"content":{"rendered":"<h2 style=\"text-align: center\"><\/h2>\n<p>&nbsp;<\/p>\n<p><img loading=\"lazy\" decoding=\"async\" class=\"wp-image-1522 aligncenter\" src=\"https:\/\/sametal.wilmetgroup.be\/wp-content\/uploads\/sites\/4\/2017\/01\/cropped-cropped-logo-sametal-red.png\" alt=\"Reprise &amp; tri des d\u00e9chets m\u00e9talliques \u00e0 Li\u00e8ge - Sametal\" width=\"534\" height=\"158\" \/><\/p>\n<p>&nbsp;<\/p>\n<p>&nbsp;<\/p>\n<h2 style=\"text-align: center\">Centre de collecte, de tri et de conditionnement<br \/>\nde m\u00e9taux ferreux et non-ferreux<br \/>\nCentre agr\u00e9\u00e9 de d\u00e9pollution des v\u00e9hicules hors d\u2019usage (VHU)<\/h2>\n<p style=\"text-align: center\">64, Rue de l&rsquo;\u00eele Monsin, 4020, Li\u00e8ge<\/p>\n<p style=\"text-align: center\">Tel : <a href=\"tel:04 240 33 00\">04 240 33 00<\/a><\/p>\n<p>&nbsp;<\/p>\n<h3 style=\"text-align: center\"><strong>Particuliers, ind\u00e9pendants, entreprises et professionnels,<\/strong><br \/>\n<strong>nous vous achetons au meilleur prix tous vos d\u00e9chets<\/strong><br \/>\n<strong>m\u00e9talliques ferreux et non ferreux, v\u00e9hicules hors d&rsquo;usage,<\/strong><br \/>\n<strong>batteries, et d\u00e9chets d&rsquo;\u00e9quipements \u00e9lectriques et \u00e9lectroniques DEEE, &#8230;<\/strong><br \/>\n<strong>Mise \u00e0 disposition de containers et solutions sur mesure<\/strong><\/h3>\n<h1 style=\"text-align: center;color: red\"><strong>\u00a0<\/strong><\/h1>\n<p>&nbsp;<\/p>\n<div style=\"padding: 10px;border: 2px solid gray\">\n<h3>Horaires<\/h3>\n<table style=\"height: 138px\" width=\"428\" cellspacing=\"5\" cellpadding=\"5\">\n<tbody>\n<tr>\n<td valign=\"top\" width=\"80\">Lundi<\/td>\n<td>De 8h00 \u00e0 12h00 et de 12h30 \u00e0 16h30<\/td>\n<\/tr>\n<tr>\n<td valign=\"top\">Mardi<\/td>\n<td>De 8h00 \u00e0 12h00 et de 12h30 \u00e0 16h30<\/td>\n<\/tr>\n<tr>\n<td valign=\"top\">Mercredi<\/td>\n<td>De 8h00 \u00e0 12h00 et de 12h30 \u00e0 16h30<\/td>\n<\/tr>\n<tr>\n<td valign=\"top\">Jeudi<\/td>\n<td>De 8h00 \u00e0 12h00 et de 12h30 \u00e0 16h30<\/td>\n<\/tr>\n<tr>\n<td valign=\"top\">Vendredi<\/td>\n<td>De 8h00 \u00e0 12h00 et de 12h30 \u00e0 17h00<\/td>\n<\/tr>\n<\/tbody>\n<\/table>\n<\/div>\n<p>&nbsp;<\/p>\n<div style=\"padding: 10px;border: 2px solid gray\">\n<h3>Nous serons ferm\u00e9s les jours suivants<\/h3>\n<table style=\"height: 191px\" width=\"438\" cellspacing=\"5\" cellpadding=\"5\">\n<tbody>\n<tr>\n<td valign=\"top\" width=\"180\">Lun 1 er janvier<\/td>\n<td>Jour de l&rsquo;an<\/td>\n<\/tr>\n<tr>\n<td valign=\"top\">Lun 1er avril<\/td>\n<td>Lundi de P\u00e2ques<\/td>\n<\/tr>\n<tr>\n<td valign=\"top\">Mer 1er mai<\/td>\n<td>F\u00eate du travail<\/td>\n<\/tr>\n<tr>\n<td valign=\"top\">Jeu 9 mai<\/td>\n<td>Ascension<\/td>\n<\/tr>\n<tr>\n<td valign=\"top\">Lun 20 mai<\/td>\n<td>Lundi Peutec\u00f4te<\/td>\n<\/tr>\n<tr>\n<td valign=\"top\">Jeu 15 ao\u00fbt<\/td>\n<td>Assomption<\/td>\n<\/tr>\n<tr>\n<td valign=\"top\">Lun 11 nov<\/td>\n<td>Armistice<\/td>\n<\/tr>\n<tr>\n<td valign=\"top\">Lun 1er nov<\/p>\n<p>Mer 25 d\u00e9c<\/td>\n<td>Toussaint<\/p>\n<p>Jour de No\u00ebl<\/td>\n<\/tr>\n<\/tbody>\n<\/table>\n<p>&nbsp;<\/p>\n<p><b><span lang=\"fr-BE\">Le dimanche 21 juillet 2024 sera r\u00e9cup\u00e9r\u00e9 le vendredi 10 mai 2024<\/span><\/b><b><span lang=\"fr-BE\">.<\/span><\/b><\/p>\n<p><strong>ATTENTION le 01\/04\/2024 nous serons ferm\u00e9s<\/strong>.<\/p>\n<\/div>\n","protected":false},"excerpt":{"rendered":"<p>&nbsp; &nbsp; &nbsp; &hellip; <a href=\"https:\/\/sametal.wilmetgroup.be\/fr\/\">Read more<\/a><\/p>\n","protected":false},"author":1,"featured_media":1468,"parent":0,"menu_order":1,"comment_status":"closed","ping_status":"closed","template":"","meta":{"_acf_changed":false,"footnotes":""},"class_list":["post-8","page","type-page","status-publish","has-post-thumbnail","hentry"],"acf":[],"yoast_head":"<!-- This site is optimized with the Yoast SEO plugin v27.3 - https:\/\/yoast.com\/product\/yoast-seo-wordpress\/ -->\n<title>Reprise &amp; tri des d\u00e9chets m\u00e9talliques \u00e0 Li\u00e8ge | Sametal<\/title>\n<meta name=\"description\" content=\"Enl\u00e8vement de d\u00e9chets m\u00e9talliques &amp; service container pour professionnels et particuliers. Recyclage de vieux fer et vieux m\u00e9taux. Contactez-nous !\" \/>\n<meta name=\"robots\" content=\"index, follow, max-snippet:-1, max-image-preview:large, max-video-preview:-1\" \/>\n<link rel=\"canonical\" href=\"https:\/\/sametal.wilmetgroup.be\/fr\/\" \/>\n<meta property=\"og:locale\" content=\"fr_FR\" \/>\n<meta property=\"og:type\" content=\"article\" \/>\n<meta property=\"og:title\" content=\"Reprise &amp; tri des d\u00e9chets m\u00e9talliques \u00e0 Li\u00e8ge | Sametal\" \/>\n<meta property=\"og:description\" content=\"Enl\u00e8vement de d\u00e9chets m\u00e9talliques &amp; service container pour professionnels et particuliers. Recyclage de vieux fer et vieux m\u00e9taux. Contactez-nous !\" \/>\n<meta property=\"og:url\" content=\"https:\/\/sametal.wilmetgroup.be\/fr\/\" \/>\n<meta property=\"og:site_name\" content=\"Sametal\" \/>\n<meta property=\"article:modified_time\" content=\"2025-10-21T10:47:29+00:00\" \/>\n<meta property=\"og:image\" content=\"https:\/\/sametal.wilmetgroup.be\/wp-content\/uploads\/sites\/4\/2022\/10\/iron-1508238-1920.jpg\" \/>\n\t<meta property=\"og:image:width\" content=\"1920\" \/>\n\t<meta property=\"og:image:height\" content=\"1232\" \/>\n\t<meta property=\"og:image:type\" content=\"image\/jpeg\" \/>\n<meta name=\"twitter:card\" content=\"summary_large_image\" \/>\n<meta name=\"twitter:label1\" content=\"Dur\u00e9e de lecture estim\u00e9e\" \/>\n\t<meta name=\"twitter:data1\" content=\"2 minutes\" \/>\n<script type=\"application\/ld+json\" class=\"yoast-schema-graph\">{\"@context\":\"https:\\\/\\\/schema.org\",\"@graph\":[{\"@type\":\"WebPage\",\"@id\":\"https:\\\/\\\/sametal.wilmetgroup.be\\\/fr\\\/\",\"url\":\"https:\\\/\\\/sametal.wilmetgroup.be\\\/fr\\\/\",\"name\":\"Reprise & tri des d\u00e9chets m\u00e9talliques \u00e0 Li\u00e8ge | Sametal\",\"isPartOf\":{\"@id\":\"https:\\\/\\\/sametal.wilmetgroup.be\\\/fr\\\/#website\"},\"primaryImageOfPage\":{\"@id\":\"https:\\\/\\\/sametal.wilmetgroup.be\\\/fr\\\/#primaryimage\"},\"image\":{\"@id\":\"https:\\\/\\\/sametal.wilmetgroup.be\\\/fr\\\/#primaryimage\"},\"thumbnailUrl\":\"https:\\\/\\\/sametal.wilmetgroup.be\\\/wp-content\\\/uploads\\\/sites\\\/4\\\/2022\\\/10\\\/iron-1508238-1920.jpg\",\"datePublished\":\"2016-04-05T10:10:03+00:00\",\"dateModified\":\"2025-10-21T10:47:29+00:00\",\"description\":\"Enl\u00e8vement de d\u00e9chets m\u00e9talliques & service container pour professionnels et particuliers. Recyclage de vieux fer et vieux m\u00e9taux. Contactez-nous !\",\"breadcrumb\":{\"@id\":\"https:\\\/\\\/sametal.wilmetgroup.be\\\/fr\\\/#breadcrumb\"},\"inLanguage\":\"fr-FR\",\"potentialAction\":[{\"@type\":\"ReadAction\",\"target\":[\"https:\\\/\\\/sametal.wilmetgroup.be\\\/fr\\\/\"]}]},{\"@type\":\"ImageObject\",\"inLanguage\":\"fr-FR\",\"@id\":\"https:\\\/\\\/sametal.wilmetgroup.be\\\/fr\\\/#primaryimage\",\"url\":\"https:\\\/\\\/sametal.wilmetgroup.be\\\/wp-content\\\/uploads\\\/sites\\\/4\\\/2022\\\/10\\\/iron-1508238-1920.jpg\",\"contentUrl\":\"https:\\\/\\\/sametal.wilmetgroup.be\\\/wp-content\\\/uploads\\\/sites\\\/4\\\/2022\\\/10\\\/iron-1508238-1920.jpg\",\"width\":1920,\"height\":1232},{\"@type\":\"BreadcrumbList\",\"@id\":\"https:\\\/\\\/sametal.wilmetgroup.be\\\/fr\\\/#breadcrumb\",\"itemListElement\":[{\"@type\":\"ListItem\",\"position\":1,\"name\":\"Accueil\",\"item\":\"https:\\\/\\\/sametal.wilmetgroup.be\\\/fr\\\/\"},{\"@type\":\"ListItem\",\"position\":2,\"name\":\"Vos d\u00e9chets valent de l&rsquo;argent !\"}]},{\"@type\":\"WebSite\",\"@id\":\"https:\\\/\\\/sametal.wilmetgroup.be\\\/fr\\\/#website\",\"url\":\"https:\\\/\\\/sametal.wilmetgroup.be\\\/fr\\\/\",\"name\":\"Sametal\",\"description\":\"Groupe Wilmet\",\"potentialAction\":[{\"@type\":\"SearchAction\",\"target\":{\"@type\":\"EntryPoint\",\"urlTemplate\":\"https:\\\/\\\/sametal.wilmetgroup.be\\\/fr\\\/search\\\/{search_term_string}\"},\"query-input\":{\"@type\":\"PropertyValueSpecification\",\"valueRequired\":true,\"valueName\":\"search_term_string\"}}],\"inLanguage\":\"fr-FR\"}]}<\/script>\n<!-- \/ Yoast SEO plugin. -->","yoast_head_json":{"title":"Reprise & tri des d\u00e9chets m\u00e9talliques \u00e0 Li\u00e8ge | Sametal","description":"Enl\u00e8vement de d\u00e9chets m\u00e9talliques & service container pour professionnels et particuliers. Recyclage de vieux fer et vieux m\u00e9taux. Contactez-nous !","robots":{"index":"index","follow":"follow","max-snippet":"max-snippet:-1","max-image-preview":"max-image-preview:large","max-video-preview":"max-video-preview:-1"},"canonical":"https:\/\/sametal.wilmetgroup.be\/fr\/","og_locale":"fr_FR","og_type":"article","og_title":"Reprise & tri des d\u00e9chets m\u00e9talliques \u00e0 Li\u00e8ge | Sametal","og_description":"Enl\u00e8vement de d\u00e9chets m\u00e9talliques & service container pour professionnels et particuliers. Recyclage de vieux fer et vieux m\u00e9taux. Contactez-nous !","og_url":"https:\/\/sametal.wilmetgroup.be\/fr\/","og_site_name":"Sametal","article_modified_time":"2025-10-21T10:47:29+00:00","og_image":[{"width":1920,"height":1232,"url":"https:\/\/sametal.wilmetgroup.be\/wp-content\/uploads\/sites\/4\/2022\/10\/iron-1508238-1920.jpg","type":"image\/jpeg"}],"twitter_card":"summary_large_image","twitter_misc":{"Dur\u00e9e de lecture estim\u00e9e":"2 minutes"},"schema":{"@context":"https:\/\/schema.org","@graph":[{"@type":"WebPage","@id":"https:\/\/sametal.wilmetgroup.be\/fr\/","url":"https:\/\/sametal.wilmetgroup.be\/fr\/","name":"Reprise & tri des d\u00e9chets m\u00e9talliques \u00e0 Li\u00e8ge | Sametal","isPartOf":{"@id":"https:\/\/sametal.wilmetgroup.be\/fr\/#website"},"primaryImageOfPage":{"@id":"https:\/\/sametal.wilmetgroup.be\/fr\/#primaryimage"},"image":{"@id":"https:\/\/sametal.wilmetgroup.be\/fr\/#primaryimage"},"thumbnailUrl":"https:\/\/sametal.wilmetgroup.be\/wp-content\/uploads\/sites\/4\/2022\/10\/iron-1508238-1920.jpg","datePublished":"2016-04-05T10:10:03+00:00","dateModified":"2025-10-21T10:47:29+00:00","description":"Enl\u00e8vement de d\u00e9chets m\u00e9talliques & service container pour professionnels et particuliers. Recyclage de vieux fer et vieux m\u00e9taux. Contactez-nous !","breadcrumb":{"@id":"https:\/\/sametal.wilmetgroup.be\/fr\/#breadcrumb"},"inLanguage":"fr-FR","potentialAction":[{"@type":"ReadAction","target":["https:\/\/sametal.wilmetgroup.be\/fr\/"]}]},{"@type":"ImageObject","inLanguage":"fr-FR","@id":"https:\/\/sametal.wilmetgroup.be\/fr\/#primaryimage","url":"https:\/\/sametal.wilmetgroup.be\/wp-content\/uploads\/sites\/4\/2022\/10\/iron-1508238-1920.jpg","contentUrl":"https:\/\/sametal.wilmetgroup.be\/wp-content\/uploads\/sites\/4\/2022\/10\/iron-1508238-1920.jpg","width":1920,"height":1232},{"@type":"BreadcrumbList","@id":"https:\/\/sametal.wilmetgroup.be\/fr\/#breadcrumb","itemListElement":[{"@type":"ListItem","position":1,"name":"Accueil","item":"https:\/\/sametal.wilmetgroup.be\/fr\/"},{"@type":"ListItem","position":2,"name":"Vos d\u00e9chets valent de l&rsquo;argent !"}]},{"@type":"WebSite","@id":"https:\/\/sametal.wilmetgroup.be\/fr\/#website","url":"https:\/\/sametal.wilmetgroup.be\/fr\/","name":"Sametal","description":"Groupe Wilmet","potentialAction":[{"@type":"SearchAction","target":{"@type":"EntryPoint","urlTemplate":"https:\/\/sametal.wilmetgroup.be\/fr\/search\/{search_term_string}"},"query-input":{"@type":"PropertyValueSpecification","valueRequired":true,"valueName":"search_term_string"}}],"inLanguage":"fr-FR"}]}},"_links":{"self":[{"href":"https:\/\/sametal.wilmetgroup.be\/fr\/wp-json\/wp\/v2\/pages\/8","targetHints":{"allow":["GET"]}}],"collection":[{"href":"https:\/\/sametal.wilmetgroup.be\/fr\/wp-json\/wp\/v2\/pages"}],"about":[{"href":"https:\/\/sametal.wilmetgroup.be\/fr\/wp-json\/wp\/v2\/types\/page"}],"author":[{"embeddable":true,"href":"https:\/\/sametal.wilmetgroup.be\/fr\/wp-json\/wp\/v2\/users\/1"}],"replies":[{"embeddable":true,"href":"https:\/\/sametal.wilmetgroup.be\/fr\/wp-json\/wp\/v2\/comments?post=8"}],"version-history":[{"count":52,"href":"https:\/\/sametal.wilmetgroup.be\/fr\/wp-json\/wp\/v2\/pages\/8\/revisions"}],"predecessor-version":[{"id":1699,"href":"https:\/\/sametal.wilmetgroup.be\/fr\/wp-json\/wp\/v2\/pages\/8\/revisions\/1699"}],"wp:featuredmedia":[{"embeddable":true,"href":"https:\/\/sametal.wilmetgroup.be\/fr\/wp-json\/wp\/v2\/media\/1468"}],"wp:attachment":[{"href":"https:\/\/sametal.wilmetgroup.be\/fr\/wp-json\/wp\/v2\/media?parent=8"}],"curies":[{"name":"wp","href":"https:\/\/api.w.org\/{rel}","templated":true}]}}